{"id":30193,"date":"2022-02-21T23:34:24","date_gmt":"2022-02-21T23:34:24","guid":{"rendered":"https:\/\/stagin.aprendeconreyhan.org\/?page_id=30193"},"modified":"2022-02-21T23:38:07","modified_gmt":"2022-02-21T23:38:07","slug":"aviso-de-privacidad","status":"publish","type":"page","link":"https:\/\/stagin.aprendeconreyhan.org\/?page_id=30193","title":{"rendered":"Aviso de privacidad"},"content":{"rendered":"\t\t<div data-elementor-type=\"wp-page\" data-elementor-id=\"30193\" class=\"elementor elementor-30193\" data-elementor-post-type=\"page\">\n\t\t\t\t\t\t<section class=\"elementor-section elementor-top-section elementor-element elementor-element-0511f99 elementor-section-boxed elementor-section-height-default elementor-section-height-default\" data-id=\"0511f99\" data-element_type=\"section\" data-settings=\"{&quot;background_background&quot;:&quot;classic&quot;}\">\n\t\t\t\t\t\t<div class=\"elementor-container elementor-column-gap-default\">\n\t\t\t\t\t<div class=\"elementor-column elementor-col-100 elementor-top-column elementor-element elementor-element-3b2f6eb\" data-id=\"3b2f6eb\" data-element_type=\"column\">\n\t\t\t<div class=\"elementor-widget-wrap elementor-element-populated\">\n\t\t\t\t\t\t<div class=\"elementor-element elementor-element-3b80f60 elementor-widget elementor-widget-image-box\" data-id=\"3b80f60\" data-element_type=\"widget\" data-widget_type=\"image-box.default\">\n\t\t\t\t<div class=\"elementor-widget-container\">\n\t\t\t\t\t<div class=\"elementor-image-box-wrapper\"><div class=\"elementor-image-box-content\"><h1 class=\"elementor-image-box-title\">Aviso de privacidad<\/h1><\/div><\/div>\t\t\t\t<\/div>\n\t\t\t\t<\/div>\n\t\t\t\t\t<\/div>\n\t\t<\/div>\n\t\t\t\t\t<\/div>\n\t\t<\/section>\n\t\t\t\t<section class=\"elementor-section elementor-top-section elementor-element elementor-element-1fe0534 elementor-section-boxed elementor-section-height-default elementor-section-height-default\" data-id=\"1fe0534\" data-element_type=\"section\" data-settings=\"{&quot;background_background&quot;:&quot;classic&quot;,&quot;shape_divider_bottom&quot;:&quot;waves&quot;}\">\n\t\t\t\t\t<div class=\"elementor-shape elementor-shape-bottom\" aria-hidden=\"true\" data-negative=\"false\">\n\t\t\t<svg xmlns=\"http:\/\/www.w3.org\/2000\/svg\" viewBox=\"0 0 1000 100\" preserveAspectRatio=\"none\">\n\t<path class=\"elementor-shape-fill\" d=\"M421.9,6.5c22.6-2.5,51.5,0.4,75.5,5.3c23.6,4.9,70.9,23.5,100.5,35.7c75.8,32.2,133.7,44.5,192.6,49.7\n\tc23.6,2.1,48.7,3.5,103.4-2.5c54.7-6,106.2-25.6,106.2-25.6V0H0v30.3c0,0,72,32.6,158.4,30.5c39.2-0.7,92.8-6.7,134-22.4\n\tc21.2-8.1,52.2-18.2,79.7-24.2C399.3,7.9,411.6,7.5,421.9,6.5z\"\/>\n<\/svg>\t\t<\/div>\n\t\t\t\t\t<div class=\"elementor-container elementor-column-gap-default\">\n\t\t\t\t\t<div class=\"elementor-column elementor-col-100 elementor-top-column elementor-element elementor-element-4c318da\" data-id=\"4c318da\" data-element_type=\"column\">\n\t\t\t<div class=\"elementor-widget-wrap elementor-element-populated\">\n\t\t\t\t\t\t<div class=\"elementor-element elementor-element-4e856a3 elementor-widget elementor-widget-heading\" data-id=\"4e856a3\" data-element_type=\"widget\" data-widget_type=\"heading.default\">\n\t\t\t\t<div class=\"elementor-widget-container\">\n\t\t\t\t\t<h2 class=\"elementor-heading-title elementor-size-default\">Confidencialidad<\/h2>\t\t\t\t<\/div>\n\t\t\t\t<\/div>\n\t\t\t\t<div class=\"elementor-element elementor-element-d8173bd elementor-widget elementor-widget-text-editor\" data-id=\"d8173bd\" data-element_type=\"widget\" data-widget_type=\"text-editor.default\">\n\t\t\t\t<div class=\"elementor-widget-container\">\n\t\t\t\t\t\t\t\t\t<p><span style=\"font-weight: 400;\">Conforme a las disposiciones del Art\u00edculo 16, del Reglamento de la Ley General de Salud en materia de Investigaci\u00f3n para la Salud, en vigor; \u201cEn las investigaciones en seres humanos se proteger\u00e1 la privacidad del individuo sujeto de investigaci\u00f3n, identific\u00e1ndolo s\u00f3lo cuando los resultados lo requieran y este lo autorice.<\/span><\/p><p><span style=\"font-weight: 400;\">En referencia directa el Art\u00edculo 38 de la Ley de Informaci\u00f3n Estad\u00edstica y Geogr\u00e1fica, en vigor; enuncia \u201cLos datos e informes que los particulares proporcionen para fines estad\u00edsticos o provengan de registro administrativo o civiles, ser\u00e1n manejados para efectos de esta Ley, bajo la observancia de los principios de confidencialidad y reserva y no podr\u00e1n comunicarse, en ning\u00fan caso, en forma nominativa o individualizada, ni har\u00e1n prueba ante autoridad administrativa o fiscal, ni en juicio o fuera de \u00e9l.\u201d<\/span><\/p>\t\t\t\t\t\t\t\t<\/div>\n\t\t\t\t<\/div>\n\t\t\t\t\t<\/div>\n\t\t<\/div>\n\t\t\t\t\t<\/div>\n\t\t<\/section>\n\t\t\t\t<\/div>\n\t\t","protected":false},"excerpt":{"rendered":"<p>Aviso de privacidad Confidencialidad Conforme a las disposiciones del Art\u00edculo 16, del Reglamento de la Ley General de Salud en materia de Investigaci\u00f3n para la Salud, en vigor; \u201cEn las investigaciones en seres humanos se proteger\u00e1 la privacidad del individuo sujeto de investigaci\u00f3n, identific\u00e1ndolo s\u00f3lo cuando los resultados lo requieran y este lo autorice. En [&hellip;]<\/p>\n","protected":false},"author":1,"featured_media":0,"parent":0,"menu_order":0,"comment_status":"closed","ping_status":"closed","template":"","meta":{"_acf_changed":false,"site-sidebar-layout":"no-sidebar","site-content-layout":"page-builder","ast-site-content-layout":"default","site-content-style":"default","site-sidebar-style":"default","ast-global-header-display":"","ast-banner-title-visibility":"","ast-main-header-display":"","ast-hfb-above-header-display":"","ast-hfb-below-header-display":"","ast-hfb-mobile-header-display":"","site-post-title":"disabled","ast-breadcrumbs-content":"","ast-featured-img":"disabled","footer-sml-layout":"","theme-transparent-header-meta":"default","adv-header-id-meta":"","stick-header-meta":"","header-above-stick-meta":"","header-main-stick-meta":"","header-below-stick-meta":"","astra-migrate-meta-layouts":"default","ast-page-background-enabled":"default","ast-page-background-meta":{"desktop":{"background-color":"","background-image":"","background-repeat":"repeat","background-position":"center center","background-size":"auto","background-attachment":"scroll","background-type":"","background-media":"","overlay-type":"","overlay-color":"","overlay-opacity":"","overlay-gradient":""},"tablet":{"background-color":"","background-image":"","background-repeat":"repeat","background-position":"center center","background-size":"auto","background-attachment":"scroll","background-type":"","background-media":"","overlay-type":"","overlay-color":"","overlay-opacity":"","overlay-gradient":""},"mobile":{"background-color":"","background-image":"","background-repeat":"repeat","background-position":"center center","background-size":"auto","background-attachment":"scroll","background-type":"","background-media":"","overlay-type":"","overlay-color":"","overlay-opacity":"","overlay-gradient":""}},"ast-content-background-meta":{"desktop":{"background-color":"var(--ast-global-color-5)","background-image":"","background-repeat":"repeat","background-position":"center center","background-size":"auto","background-attachment":"scroll","background-type":"","background-media":"","overlay-type":"","overlay-color":"","overlay-opacity":"","overlay-gradient":""},"tablet":{"background-color":"var(--ast-global-color-5)","background-image":"","background-repeat":"repeat","background-position":"center center","background-size":"auto","background-attachment":"scroll","background-type":"","background-media":"","overlay-type":"","overlay-color":"","overlay-opacity":"","overlay-gradient":""},"mobile":{"background-color":"var(--ast-global-color-5)","background-image":"","background-repeat":"repeat","background-position":"center center","background-size":"auto","background-attachment":"scroll","background-type":"","background-media":"","overlay-type":"","overlay-color":"","overlay-opacity":"","overlay-gradient":""}},"footnotes":""},"class_list":["post-30193","page","type-page","status-publish","hentry"],"acf":[],"yoast_head":"<!-- This site is optimized with the Yoast SEO plugin v26.8 - https:\/\/yoast.com\/product\/yoast-seo-wordpress\/ -->\n<title>Aviso de privacidad - Cursos Aprende con Reyhan<\/title>\n<meta name=\"robots\" content=\"index, follow, max-snippet:-1, max-image-preview:large, max-video-preview:-1\" \/>\n<link rel=\"canonical\" href=\"https:\/\/stagin.aprendeconreyhan.org\/?page_id=30193\" \/>\n<meta property=\"og:locale\" content=\"es_ES\" \/>\n<meta property=\"og:type\" content=\"article\" \/>\n<meta property=\"og:title\" content=\"Aviso de privacidad - Cursos Aprende con Reyhan\" \/>\n<meta property=\"og:description\" content=\"Aviso de privacidad Confidencialidad Conforme a las disposiciones del Art\u00edculo 16, del Reglamento de la Ley General de Salud en materia de Investigaci\u00f3n para la Salud, en vigor; \u201cEn las investigaciones en seres humanos se proteger\u00e1 la privacidad del individuo sujeto de investigaci\u00f3n, identific\u00e1ndolo s\u00f3lo cuando los resultados lo requieran y este lo autorice. En [&hellip;]\" \/>\n<meta property=\"og:url\" content=\"https:\/\/stagin.aprendeconreyhan.org\/?page_id=30193\" \/>\n<meta property=\"og:site_name\" content=\"Cursos Aprende con Reyhan\" \/>\n<meta property=\"article:modified_time\" content=\"2022-02-21T23:38:07+00:00\" \/>\n<meta name=\"twitter:card\" content=\"summary_large_image\" \/>\n<meta name=\"twitter:label1\" content=\"Tiempo de lectura\" \/>\n\t<meta name=\"twitter:data1\" content=\"1 minuto\" \/>\n<script type=\"application\/ld+json\" class=\"yoast-schema-graph\">{\"@context\":\"https:\/\/schema.org\",\"@graph\":[{\"@type\":\"WebPage\",\"@id\":\"https:\/\/stagin.aprendeconreyhan.org\/?page_id=30193\",\"url\":\"https:\/\/stagin.aprendeconreyhan.org\/?page_id=30193\",\"name\":\"Aviso de privacidad - Cursos Aprende con Reyhan\",\"isPartOf\":{\"@id\":\"https:\/\/stagin.aprendeconreyhan.org\/#website\"},\"datePublished\":\"2022-02-21T23:34:24+00:00\",\"dateModified\":\"2022-02-21T23:38:07+00:00\",\"breadcrumb\":{\"@id\":\"https:\/\/stagin.aprendeconreyhan.org\/?page_id=30193#breadcrumb\"},\"inLanguage\":\"es\",\"potentialAction\":[{\"@type\":\"ReadAction\",\"target\":[\"https:\/\/stagin.aprendeconreyhan.org\/?page_id=30193\"]}]},{\"@type\":\"BreadcrumbList\",\"@id\":\"https:\/\/stagin.aprendeconreyhan.org\/?page_id=30193#breadcrumb\",\"itemListElement\":[{\"@type\":\"ListItem\",\"position\":1,\"name\":\"Inicio\",\"item\":\"https:\/\/stagin.aprendeconreyhan.org\/\"},{\"@type\":\"ListItem\",\"position\":2,\"name\":\"Aviso de privacidad\"}]},{\"@type\":\"WebSite\",\"@id\":\"https:\/\/stagin.aprendeconreyhan.org\/#website\",\"url\":\"https:\/\/stagin.aprendeconreyhan.org\/\",\"name\":\"Cursos Aprende con Reyhan\",\"description\":\"\",\"publisher\":{\"@id\":\"https:\/\/stagin.aprendeconreyhan.org\/#organization\"},\"potentialAction\":[{\"@type\":\"SearchAction\",\"target\":{\"@type\":\"EntryPoint\",\"urlTemplate\":\"https:\/\/stagin.aprendeconreyhan.org\/?s={search_term_string}\"},\"query-input\":{\"@type\":\"PropertyValueSpecification\",\"valueRequired\":true,\"valueName\":\"search_term_string\"}}],\"inLanguage\":\"es\"},{\"@type\":\"Organization\",\"@id\":\"https:\/\/stagin.aprendeconreyhan.org\/#organization\",\"name\":\"Cursos Aprende con Reyhan\",\"url\":\"https:\/\/stagin.aprendeconreyhan.org\/\",\"logo\":{\"@type\":\"ImageObject\",\"inLanguage\":\"es\",\"@id\":\"https:\/\/stagin.aprendeconreyhan.org\/#\/schema\/logo\/image\/\",\"url\":\"https:\/\/stagin.aprendeconreyhan.org\/wp-content\/uploads\/2021\/09\/cropped-favicon-reyhan-2-1.png\",\"contentUrl\":\"https:\/\/stagin.aprendeconreyhan.org\/wp-content\/uploads\/2021\/09\/cropped-favicon-reyhan-2-1.png\",\"width\":516,\"height\":191,\"caption\":\"Cursos Aprende con Reyhan\"},\"image\":{\"@id\":\"https:\/\/stagin.aprendeconreyhan.org\/#\/schema\/logo\/image\/\"}}]}<\/script>\n<!-- \/ Yoast SEO plugin. -->","yoast_head_json":{"title":"Aviso de privacidad - Cursos Aprende con Reyhan","robots":{"index":"index","follow":"follow","max-snippet":"max-snippet:-1","max-image-preview":"max-image-preview:large","max-video-preview":"max-video-preview:-1"},"canonical":"https:\/\/stagin.aprendeconreyhan.org\/?page_id=30193","og_locale":"es_ES","og_type":"article","og_title":"Aviso de privacidad - Cursos Aprende con Reyhan","og_description":"Aviso de privacidad Confidencialidad Conforme a las disposiciones del Art\u00edculo 16, del Reglamento de la Ley General de Salud en materia de Investigaci\u00f3n para la Salud, en vigor; \u201cEn las investigaciones en seres humanos se proteger\u00e1 la privacidad del individuo sujeto de investigaci\u00f3n, identific\u00e1ndolo s\u00f3lo cuando los resultados lo requieran y este lo autorice. En [&hellip;]","og_url":"https:\/\/stagin.aprendeconreyhan.org\/?page_id=30193","og_site_name":"Cursos Aprende con Reyhan","article_modified_time":"2022-02-21T23:38:07+00:00","twitter_card":"summary_large_image","twitter_misc":{"Tiempo de lectura":"1 minuto"},"schema":{"@context":"https:\/\/schema.org","@graph":[{"@type":"WebPage","@id":"https:\/\/stagin.aprendeconreyhan.org\/?page_id=30193","url":"https:\/\/stagin.aprendeconreyhan.org\/?page_id=30193","name":"Aviso de privacidad - Cursos Aprende con Reyhan","isPartOf":{"@id":"https:\/\/stagin.aprendeconreyhan.org\/#website"},"datePublished":"2022-02-21T23:34:24+00:00","dateModified":"2022-02-21T23:38:07+00:00","breadcrumb":{"@id":"https:\/\/stagin.aprendeconreyhan.org\/?page_id=30193#breadcrumb"},"inLanguage":"es","potentialAction":[{"@type":"ReadAction","target":["https:\/\/stagin.aprendeconreyhan.org\/?page_id=30193"]}]},{"@type":"BreadcrumbList","@id":"https:\/\/stagin.aprendeconreyhan.org\/?page_id=30193#breadcrumb","itemListElement":[{"@type":"ListItem","position":1,"name":"Inicio","item":"https:\/\/stagin.aprendeconreyhan.org\/"},{"@type":"ListItem","position":2,"name":"Aviso de privacidad"}]},{"@type":"WebSite","@id":"https:\/\/stagin.aprendeconreyhan.org\/#website","url":"https:\/\/stagin.aprendeconreyhan.org\/","name":"Cursos Aprende con Reyhan","description":"","publisher":{"@id":"https:\/\/stagin.aprendeconreyhan.org\/#organization"},"potentialAction":[{"@type":"SearchAction","target":{"@type":"EntryPoint","urlTemplate":"https:\/\/stagin.aprendeconreyhan.org\/?s={search_term_string}"},"query-input":{"@type":"PropertyValueSpecification","valueRequired":true,"valueName":"search_term_string"}}],"inLanguage":"es"},{"@type":"Organization","@id":"https:\/\/stagin.aprendeconreyhan.org\/#organization","name":"Cursos Aprende con Reyhan","url":"https:\/\/stagin.aprendeconreyhan.org\/","logo":{"@type":"ImageObject","inLanguage":"es","@id":"https:\/\/stagin.aprendeconreyhan.org\/#\/schema\/logo\/image\/","url":"https:\/\/stagin.aprendeconreyhan.org\/wp-content\/uploads\/2021\/09\/cropped-favicon-reyhan-2-1.png","contentUrl":"https:\/\/stagin.aprendeconreyhan.org\/wp-content\/uploads\/2021\/09\/cropped-favicon-reyhan-2-1.png","width":516,"height":191,"caption":"Cursos Aprende con Reyhan"},"image":{"@id":"https:\/\/stagin.aprendeconreyhan.org\/#\/schema\/logo\/image\/"}}]}},"_links":{"self":[{"href":"https:\/\/stagin.aprendeconreyhan.org\/index.php?rest_route=\/wp\/v2\/pages\/30193","targetHints":{"allow":["GET"]}}],"collection":[{"href":"https:\/\/stagin.aprendeconreyhan.org\/index.php?rest_route=\/wp\/v2\/pages"}],"about":[{"href":"https:\/\/stagin.aprendeconreyhan.org\/index.php?rest_route=\/wp\/v2\/types\/page"}],"author":[{"embeddable":true,"href":"https:\/\/stagin.aprendeconreyhan.org\/index.php?rest_route=\/wp\/v2\/users\/1"}],"replies":[{"embeddable":true,"href":"https:\/\/stagin.aprendeconreyhan.org\/index.php?rest_route=%2Fwp%2Fv2%2Fcomments&post=30193"}],"version-history":[{"count":4,"href":"https:\/\/stagin.aprendeconreyhan.org\/index.php?rest_route=\/wp\/v2\/pages\/30193\/revisions"}],"predecessor-version":[{"id":30197,"href":"https:\/\/stagin.aprendeconreyhan.org\/index.php?rest_route=\/wp\/v2\/pages\/30193\/revisions\/30197"}],"wp:attachment":[{"href":"https:\/\/stagin.aprendeconreyhan.org\/index.php?rest_route=%2Fwp%2Fv2%2Fmedia&parent=30193"}],"curies":[{"name":"wp","href":"https:\/\/api.w.org\/{rel}","templated":true}]}}